{"id":328,"date":"2017-12-18T18:12:17","date_gmt":"2017-12-18T17:12:17","guid":{"rendered":"http:\/\/organe.com.br\/secret\/?page_id=328"},"modified":"2018-02-14T11:46:38","modified_gmt":"2018-02-14T10:46:38","slug":"contact","status":"publish","type":"page","link":"http:\/\/organe.com.br\/fr\/contact\/","title":{"rendered":"Contact"},"content":{"rendered":"<p>Aujourd&rsquo;hui, le choix des th\u00e9s biologiques est essentiel.<br \/>\nUn th\u00e9 organique, fonctionnel et aromatique est une union rare.<br \/>\nORGANE combine toutes ces qualit\u00e9s.<\/p>\n<p>Que vous soyez un salon de th\u00e9, un centre de bien-\u00eatre, un restaurant v\u00e9g\u00e9tarien ou simplement int\u00e9ress\u00e9 par les produits biologiques, n<span style=\"font-size: 1rem;\">&lsquo;h\u00e9sitez pas \u00e0 nous contacter \u00e0 l&rsquo;adresse suivante :<br \/>\n<\/span><a style=\"font-size: 1rem;\" href=\"mailto:chas.organe@gmail.com\">chas.organe@gmail.com<\/a><\/p>\n<p>Vous pouvez \u00e9galement nous joindre par t\u00e9l\u00e9phone ou WhatsApp au :<br \/>\n+55 19 98142-0998<\/p>\n","protected":false},"excerpt":{"rendered":"<p>Aujourd&rsquo;hui, le choix des th\u00e9s biologiques est essentiel. Un th\u00e9 organique, fonctionnel et aromatique est une union rare. ORGANE combine toutes ces qualit\u00e9s. Que vous soyez un salon de th\u00e9, un centre de bien-\u00eatre, un restaurant v\u00e9g\u00e9tarien ou simplement int\u00e9ress\u00e9 par les produits biologiques, n&lsquo;h\u00e9sitez pas \u00e0 nous contacter \u00e0 l&rsquo;adresse suivante : chas.organe@gmail.com Vous &hellip; <\/p>\n<p class=\"link-more\"><a href=\"http:\/\/organe.com.br\/fr\/contact\/\" class=\"more-link\">Continuer la lecture<span class=\"screen-reader-text\"> de &laquo;&nbsp;Contact&nbsp;&raquo;<\/span><\/a><\/p>\n","protected":false},"author":1,"featured_media":0,"parent":0,"menu_order":0,"comment_status":"closed","ping_status":"closed","template":"","meta":{"_mi_skip_tracking":false},"_links":{"self":[{"href":"http:\/\/organe.com.br\/wp-json\/wp\/v2\/pages\/328"}],"collection":[{"href":"http:\/\/organe.com.br\/wp-json\/wp\/v2\/pages"}],"about":[{"href":"http:\/\/organe.com.br\/wp-json\/wp\/v2\/types\/page"}],"author":[{"embeddable":true,"href":"http:\/\/organe.com.br\/wp-json\/wp\/v2\/users\/1"}],"replies":[{"embeddable":true,"href":"http:\/\/organe.com.br\/wp-json\/wp\/v2\/comments?post=328"}],"version-history":[{"count":5,"href":"http:\/\/organe.com.br\/wp-json\/wp\/v2\/pages\/328\/revisions"}],"predecessor-version":[{"id":420,"href":"http:\/\/organe.com.br\/wp-json\/wp\/v2\/pages\/328\/revisions\/420"}],"wp:attachment":[{"href":"http:\/\/organe.com.br\/wp-json\/wp\/v2\/media?parent=328"}],"curies":[{"name":"wp","href":"https:\/\/api.w.org\/{rel}","templated":true}]}}